{"id":100,"date":"2019-03-08T19:11:01","date_gmt":"2019-03-08T22:11:01","guid":{"rendered":"https:\/\/ednatradutora.com.br\/?page_id=100"},"modified":"2019-03-11T16:17:33","modified_gmt":"2019-03-11T19:17:33","slug":"presupuesto","status":"publish","type":"page","link":"https:\/\/ednatradutora.com.br\/es\/presupuesto\/","title":{"rendered":"Presupuesto"},"content":{"rendered":"<p><div class=\"fusion-fullwidth fullwidth-box fusion-builder-row-1 nonhundred-percent-fullwidth non-hundred-percent-height-scrolling\" style=\"--awb-border-radius-top-left:0px;--awb-border-radius-top-right:0px;--awb-border-radius-bottom-right:0px;--awb-border-radius-bottom-left:0px;--awb-flex-wrap:wrap;\" ><div class=\"fusion-builder-row fusion-row\"><div class=\"fusion-layout-column fusion_builder_column fusion-builder-column-0 fusion_builder_column_1_1 1_1 fusion-one-full fusion-column-first fusion-column-last\" style=\"--awb-bg-size:cover;\"><div class=\"fusion-column-wrapper fusion-flex-column-wrapper-legacy\"><div class=\"fusion-title title fusion-title-1 fusion-sep-none fusion-title-text fusion-title-size-two\"><h2 class=\"fusion-title-heading title-heading-left fusion-responsive-typography-calculated\" style=\"margin:0;--fontSize:26;line-height:1.5;\">Haga un presupuesto<\/h2><\/div><div class=\"fusion-text fusion-text-1\"><p id=\"E210\" class=\"qowt-stl-Normal\">Me esfuerzo constantemente para ofrecerle traducciones de la m\u00e1s alta calidad a los precios m\u00e1s competitivos de la industria.<\/p>\n<p class=\"qowt-stl-Normal\">Mi precio para los proyectos de traducci\u00f3n est\u00e1 determinado por varios factores:<\/p>\n<ul>\n<li class=\"qowt-stl-Normal\">N\u00famero de palabras de origen.<\/li>\n<li class=\"qowt-stl-Normal\">Completa de la asignatura.<\/li>\n<li class=\"qowt-stl-Normal\">Combinaci\u00f3n de idioma.<\/li>\n<li class=\"qowt-stl-Normal\">Cantidad de tiempo necesario para completar la tarea.<\/li>\n<\/ul>\n<\/div><div class=\"fusion-clearfix\"><\/div><\/div><\/div><\/div><\/div><div class=\"fusion-fullwidth fullwidth-box fusion-builder-row-2 nonhundred-percent-fullwidth non-hundred-percent-height-scrolling\" style=\"--awb-border-radius-top-left:0px;--awb-border-radius-top-right:0px;--awb-border-radius-bottom-right:0px;--awb-border-radius-bottom-left:0px;--awb-flex-wrap:wrap;\" ><div class=\"fusion-builder-row fusion-row\"><div class=\"fusion-layout-column fusion_builder_column fusion-builder-column-1 fusion_builder_column_1_1 1_1 fusion-one-full fusion-column-first fusion-column-last\" style=\"--awb-bg-size:cover;\"><div class=\"fusion-column-wrapper fusion-flex-column-wrapper-legacy\"><div class=\"fusion-title title fusion-title-2 fusion-sep-none fusion-title-text fusion-title-size-two\"><h2 class=\"fusion-title-heading title-heading-left fusion-responsive-typography-calculated\" style=\"margin:0;--fontSize:26;line-height:1.5;\">\u00bfNecesita un presupuesto?<\/h2><\/div><div class=\"fusion-text fusion-text-2\"><p>Para obtener su cotizaci\u00f3n de traducci\u00f3n, elija su combinaci\u00f3n de idiomas, nivel de complejidad y qu\u00e9 tan r\u00e1pido le gustar\u00eda.<\/p>\n<\/div><div class=\"fusion-clearfix\"><\/div><\/div><\/div><\/div><\/div><div class=\"fusion-fullwidth fullwidth-box fusion-builder-row-3 nonhundred-percent-fullwidth non-hundred-percent-height-scrolling\" style=\"--awb-border-radius-top-left:0px;--awb-border-radius-top-right:0px;--awb-border-radius-bottom-right:0px;--awb-border-radius-bottom-left:0px;--awb-flex-wrap:wrap;\" ><div class=\"fusion-builder-row fusion-row\"><div class=\"fusion-layout-column fusion_builder_column fusion-builder-column-2 fusion_builder_column_1_1 1_1 fusion-one-full fusion-column-first fusion-column-last\" style=\"--awb-bg-size:cover;\"><div class=\"fusion-column-wrapper fusion-flex-column-wrapper-legacy\">\n<div class=\"wpcf7 no-js\" id=\"wpcf7-f154-o1\" lang=\"pt-BR\" dir=\"ltr\" data-wpcf7-id=\"154\">\n<div class=\"screen-reader-response\"><p role=\"status\" aria-live=\"polite\" aria-atomic=\"true\"><\/p> <ul><\/ul><\/div>\n<form action=\"\/es\/wp-json\/wp\/v2\/pages\/100#wpcf7-f154-o1\" method=\"post\" class=\"wpcf7-form init\" aria-label=\"Formul\u00e1rios de contato\" enctype=\"multipart\/form-data\" novalidate=\"novalidate\" data-status=\"init\">\n<fieldset class=\"hidden-fields-container\"><input type=\"hidden\" name=\"_wpcf7\" value=\"154\" \/><input type=\"hidden\" name=\"_wpcf7_version\" value=\"6.1.5\" \/><input type=\"hidden\" name=\"_wpcf7_locale\" value=\"pt_BR\" \/><input type=\"hidden\" name=\"_wpcf7_unit_tag\" value=\"wpcf7-f154-o1\" \/><input type=\"hidden\" name=\"_wpcf7_container_post\" value=\"0\" \/><input type=\"hidden\" name=\"_wpcf7_posted_data_hash\" value=\"\" \/>\n<\/fieldset>\n<p>Nombre*\n<\/p>\n<p><span class=\"wpcf7-form-control-wrap\" data-name=\"mc4wp-NAME\"><input size=\"40\" maxlength=\"400\" class=\"wpcf7-form-control wpcf7-text wpcf7-validates-as-required\" aria-required=\"true\" aria-invalid=\"false\" value=\"\" type=\"text\" name=\"mc4wp-NAME\" \/><\/span>\n<\/p>\n<p>E-mail*\n<\/p>\n<p><span class=\"wpcf7-form-control-wrap\" data-name=\"mc4wp-EMAIL\"><input size=\"40\" maxlength=\"400\" class=\"wpcf7-form-control wpcf7-email wpcf7-validates-as-required wpcf7-text wpcf7-validates-as-email\" aria-required=\"true\" aria-invalid=\"false\" value=\"\" type=\"email\" name=\"mc4wp-EMAIL\" \/><\/span>\n<\/p>\n<p>Tel\u00e9fono\n<\/p>\n<p><span class=\"wpcf7-form-control-wrap\" data-name=\"mc4wp-PHONE\"><input size=\"40\" maxlength=\"400\" class=\"wpcf7-form-control wpcf7-tel wpcf7-text wpcf7-validates-as-tel\" aria-invalid=\"false\" value=\"\" type=\"tel\" name=\"mc4wp-PHONE\" \/><\/span>\n<\/p>\n<p>Traducci\u00f3n*\n<\/p>\n<p><span class=\"wpcf7-form-control-wrap\" data-name=\"traducao\"><select class=\"wpcf7-form-control wpcf7-select wpcf7-validates-as-required\" aria-required=\"true\" aria-invalid=\"false\" name=\"traducao\"><option value=\"Ingl\u00eas para portugu\u00eas\">Ingl\u00eas para portugu\u00eas<\/option><option value=\"Espanhol para portugu\u00eas\">Espanhol para portugu\u00eas<\/option><\/select><\/span>\n<\/p>\n<p>N\u00famero de palabras*\n<\/p>\n<p><span class=\"wpcf7-form-control-wrap\" data-name=\"numero-de-palavras\"><input size=\"40\" maxlength=\"400\" class=\"wpcf7-form-control wpcf7-text wpcf7-validates-as-required\" aria-required=\"true\" aria-invalid=\"false\" value=\"\" type=\"text\" name=\"numero-de-palavras\" \/><\/span>\n<\/p>\n<p>Tiempo de entrega*\n<\/p>\n<p><span class=\"wpcf7-form-control-wrap\" data-name=\"prazo-de-entrega\"><input size=\"40\" maxlength=\"400\" class=\"wpcf7-form-control wpcf7-text wpcf7-validates-as-required\" aria-required=\"true\" aria-invalid=\"false\" value=\"\" type=\"text\" name=\"prazo-de-entrega\" \/><\/span>\n<\/p>\n<p>Adjuntar archivo. Extensiones permitidas: DOC, DOCX, PDF, JPG, PNG, GIF, JPEG, TIF o GIF\n<\/p>\n<p><span class=\"wpcf7-form-control-wrap\" data-name=\"anexar-arquivo\"><input size=\"40\" class=\"wpcf7-form-control wpcf7-file\" accept=\".doc,.docx,.pdf,.jpg,.png,.gif,.jpeg,.tif\" aria-invalid=\"false\" type=\"file\" name=\"anexar-arquivo\" \/><\/span>\n<\/p>\n<p>Mensaje*\n<\/p>\n<p><span class=\"wpcf7-form-control-wrap\" data-name=\"mensagem\"><textarea cols=\"40\" rows=\"10\" maxlength=\"2000\" class=\"wpcf7-form-control wpcf7-textarea wpcf7-validates-as-required\" aria-required=\"true\" aria-invalid=\"false\" name=\"mensagem\"><\/textarea><\/span>\n<\/p>\n<p><input class=\"wpcf7-form-control wpcf7-submit has-spinner\" type=\"submit\" value=\"Enviar\" \/>\n<\/p><div class=\"fusion-alert alert custom alert-custom fusion-alert-center wpcf7-response-output fusion-alert-capitalize awb-alert-native-link-color alert-dismissable awb-alert-close-boxed\" style=\"--awb-border-top-left-radius:0px;--awb-border-top-right-radius:0px;--awb-border-bottom-left-radius:0px;--awb-border-bottom-right-radius:0px;\" role=\"alert\"><div class=\"fusion-alert-content-wrapper\"><span class=\"fusion-alert-content\"><\/span><\/div><button type=\"button\" class=\"close toggle-alert\" data-dismiss=\"alert\" aria-label=\"Close\">&times;<\/button><\/div>\n<\/form>\n<\/div>\n<div class=\"fusion-clearfix\"><\/div><\/div><\/div><\/div><\/div><\/p>\n","protected":false},"excerpt":{"rendered":"","protected":false},"author":1,"featured_media":0,"parent":0,"menu_order":0,"comment_status":"closed","ping_status":"closed","template":"","meta":{"footnotes":""},"class_list":["post-100","page","type-page","status-publish","hentry"],"yoast_head":"<!-- This site is optimized with the Yoast SEO plugin v27.4 - https:\/\/yoast.com\/product\/yoast-seo-wordpress\/ -->\n<title>Presupuesto - Edna Os\u00f3rio<\/title>\n<meta name=\"robots\" content=\"index, follow, max-snippet:-1, max-image-preview:large, max-video-preview:-1\" \/>\n<link rel=\"canonical\" href=\"https:\/\/ednatradutora.com.br\/es\/presupuesto\/\" \/>\n<meta property=\"og:locale\" content=\"es_ES\" \/>\n<meta property=\"og:type\" content=\"article\" \/>\n<meta property=\"og:title\" content=\"Presupuesto - Edna Os\u00f3rio\" \/>\n<meta property=\"og:url\" content=\"https:\/\/ednatradutora.com.br\/es\/presupuesto\/\" \/>\n<meta property=\"og:site_name\" content=\"Edna Os\u00f3rio\" \/>\n<meta property=\"article:modified_time\" content=\"2019-03-11T19:17:33+00:00\" \/>\n<meta name=\"twitter:card\" content=\"summary_large_image\" \/>\n<meta name=\"twitter:label1\" content=\"Tiempo de lectura\" \/>\n\t<meta name=\"twitter:data1\" content=\"4 minutos\" \/>\n<script type=\"application\/ld+json\" class=\"yoast-schema-graph\">{\"@context\":\"https:\\\/\\\/schema.org\",\"@graph\":[{\"@type\":\"WebPage\",\"@id\":\"https:\\\/\\\/ednatradutora.com.br\\\/es\\\/presupuesto\\\/\",\"url\":\"https:\\\/\\\/ednatradutora.com.br\\\/es\\\/presupuesto\\\/\",\"name\":\"Presupuesto - Edna Os\u00f3rio\",\"isPartOf\":{\"@id\":\"https:\\\/\\\/ednatradutora.com.br\\\/en\\\/#website\"},\"datePublished\":\"2019-03-08T22:11:01+00:00\",\"dateModified\":\"2019-03-11T19:17:33+00:00\",\"breadcrumb\":{\"@id\":\"https:\\\/\\\/ednatradutora.com.br\\\/es\\\/presupuesto\\\/#breadcrumb\"},\"inLanguage\":\"es\",\"potentialAction\":[{\"@type\":\"ReadAction\",\"target\":[\"https:\\\/\\\/ednatradutora.com.br\\\/es\\\/presupuesto\\\/\"]}]},{\"@type\":\"BreadcrumbList\",\"@id\":\"https:\\\/\\\/ednatradutora.com.br\\\/es\\\/presupuesto\\\/#breadcrumb\",\"itemListElement\":[{\"@type\":\"ListItem\",\"position\":1,\"name\":\"In\u00edcio\",\"item\":\"https:\\\/\\\/ednatradutora.com.br\\\/es\\\/\"},{\"@type\":\"ListItem\",\"position\":2,\"name\":\"Presupuesto\"}]},{\"@type\":\"WebSite\",\"@id\":\"https:\\\/\\\/ednatradutora.com.br\\\/en\\\/#website\",\"url\":\"https:\\\/\\\/ednatradutora.com.br\\\/en\\\/\",\"name\":\"Edna Os\u00f3rio\",\"description\":\"Tradutora e Revisora\",\"potentialAction\":[{\"@type\":\"SearchAction\",\"target\":{\"@type\":\"EntryPoint\",\"urlTemplate\":\"https:\\\/\\\/ednatradutora.com.br\\\/en\\\/?s={search_term_string}\"},\"query-input\":{\"@type\":\"PropertyValueSpecification\",\"valueRequired\":true,\"valueName\":\"search_term_string\"}}],\"inLanguage\":\"es\"}]}<\/script>\n<!-- \/ Yoast SEO plugin. -->","yoast_head_json":{"title":"Presupuesto - Edna Os\u00f3rio","robots":{"index":"index","follow":"follow","max-snippet":"max-snippet:-1","max-image-preview":"max-image-preview:large","max-video-preview":"max-video-preview:-1"},"canonical":"https:\/\/ednatradutora.com.br\/es\/presupuesto\/","og_locale":"es_ES","og_type":"article","og_title":"Presupuesto - Edna Os\u00f3rio","og_url":"https:\/\/ednatradutora.com.br\/es\/presupuesto\/","og_site_name":"Edna Os\u00f3rio","article_modified_time":"2019-03-11T19:17:33+00:00","twitter_card":"summary_large_image","twitter_misc":{"Tiempo de lectura":"4 minutos"},"schema":{"@context":"https:\/\/schema.org","@graph":[{"@type":"WebPage","@id":"https:\/\/ednatradutora.com.br\/es\/presupuesto\/","url":"https:\/\/ednatradutora.com.br\/es\/presupuesto\/","name":"Presupuesto - Edna Os\u00f3rio","isPartOf":{"@id":"https:\/\/ednatradutora.com.br\/en\/#website"},"datePublished":"2019-03-08T22:11:01+00:00","dateModified":"2019-03-11T19:17:33+00:00","breadcrumb":{"@id":"https:\/\/ednatradutora.com.br\/es\/presupuesto\/#breadcrumb"},"inLanguage":"es","potentialAction":[{"@type":"ReadAction","target":["https:\/\/ednatradutora.com.br\/es\/presupuesto\/"]}]},{"@type":"BreadcrumbList","@id":"https:\/\/ednatradutora.com.br\/es\/presupuesto\/#breadcrumb","itemListElement":[{"@type":"ListItem","position":1,"name":"In\u00edcio","item":"https:\/\/ednatradutora.com.br\/es\/"},{"@type":"ListItem","position":2,"name":"Presupuesto"}]},{"@type":"WebSite","@id":"https:\/\/ednatradutora.com.br\/en\/#website","url":"https:\/\/ednatradutora.com.br\/en\/","name":"Edna Os\u00f3rio","description":"Tradutora e Revisora","potentialAction":[{"@type":"SearchAction","target":{"@type":"EntryPoint","urlTemplate":"https:\/\/ednatradutora.com.br\/en\/?s={search_term_string}"},"query-input":{"@type":"PropertyValueSpecification","valueRequired":true,"valueName":"search_term_string"}}],"inLanguage":"es"}]}},"_links":{"self":[{"href":"https:\/\/ednatradutora.com.br\/es\/wp-json\/wp\/v2\/pages\/100","targetHints":{"allow":["GET"]}}],"collection":[{"href":"https:\/\/ednatradutora.com.br\/es\/wp-json\/wp\/v2\/pages"}],"about":[{"href":"https:\/\/ednatradutora.com.br\/es\/wp-json\/wp\/v2\/types\/page"}],"author":[{"embeddable":true,"href":"https:\/\/ednatradutora.com.br\/es\/wp-json\/wp\/v2\/users\/1"}],"replies":[{"embeddable":true,"href":"https:\/\/ednatradutora.com.br\/es\/wp-json\/wp\/v2\/comments?post=100"}],"version-history":[{"count":0,"href":"https:\/\/ednatradutora.com.br\/es\/wp-json\/wp\/v2\/pages\/100\/revisions"}],"wp:attachment":[{"href":"https:\/\/ednatradutora.com.br\/es\/wp-json\/wp\/v2\/media?parent=100"}],"curies":[{"name":"wp","href":"https:\/\/api.w.org\/{rel}","templated":true}]}}